{"id":11,"date":"2021-12-14T17:01:12","date_gmt":"2021-12-14T17:01:12","guid":{"rendered":"http:\/\/dhalmi.com\/?page_id=11"},"modified":"2021-12-14T17:40:28","modified_gmt":"2021-12-14T17:40:28","slug":"politica-de-envios","status":"publish","type":"page","link":"https:\/\/dhalmi.com\/index.php\/politica-de-envios\/","title":{"rendered":"Pol\u00edtica de Env\u00edos"},"content":{"rendered":"\t\t<div data-elementor-type=\"wp-page\" data-elementor-id=\"11\" class=\"elementor elementor-11\" data-elementor-settings=\"[]\">\n\t\t\t\t\t\t\t<div class=\"elementor-section-wrap\">\n\t\t\t\t\t\t\t<section class=\"elementor-section elementor-top-section elementor-element elementor-element-74e9da03 elementor-section-boxed elementor-section-height-default elementor-section-height-default\" data-id=\"74e9da03\" data-element_type=\"section\">\n\t\t\t\t\t\t<div class=\"elementor-container elementor-column-gap-default\">\n\t\t\t\t\t<div class=\"elementor-column elementor-col-100 elementor-top-column elementor-element elementor-element-47cb7a3c\" data-id=\"47cb7a3c\" data-element_type=\"column\">\n\t\t\t<div class=\"elementor-widget-wrap elementor-element-populated\">\n\t\t\t\t\t\t\t\t<div class=\"elementor-element elementor-element-ee4a53f elementor-widget elementor-widget-text-editor\" data-id=\"ee4a53f\" data-element_type=\"widget\" data-widget_type=\"text-editor.default\">\n\t\t\t\t<div class=\"elementor-widget-container\">\n\t\t\t\t\t\t\t<p style=\"font-size: 15px; font-style: normal; font-weight: 400; font-family: Montserrat, sans-serif; text-align: justify;\">DHALMI, adopta las siguientes pol\u00edticas de env\u00edos de productos en env\u00edos desde nuestras instalaciones hacia el domicilio del usuario.<\/p>\n<p style=\"font-size: 15px; font-style: normal; font-weight: 400; font-family: Montserrat, sans-serif; text-align: justify;\">RESPONSABLE Y ENCARGADO.<br \/>El responsable y encargado de los despachos y recepci\u00f3n de piezas, productos y materiales es AZALEA WALTEROS y BYRON SILVA a trav\u00e9s de DHALMI y KUAN LABORATORIO DE CREACI\u00d3N, con domicilio en Bogot\u00e1, en la Avenida Calle 1 # 19 -41, Piso 3. El \u00e1rea encargada directamente de los env\u00edos es Comercial y ventas y el correo electr\u00f3nico dispuesto para ese fin es: info@dhalmi.com.<\/p>\t\t\t\t\t\t<\/div>\n\t\t\t\t<\/div>\n\t\t\t\t<div class=\"elementor-element elementor-element-fc9a098 elementor-widget elementor-widget-button\" data-id=\"fc9a098\" data-element_type=\"widget\" data-widget_type=\"button.default\">\n\t\t\t\t<div class=\"elementor-widget-container\">\n\t\t\t\t\t<div class=\"elementor-button-wrapper\">\n\t\t\t<a href=\"http:\/\/dhalmi.com\/wp-content\/uploads\/2021\/12\/Politica-Terminos-y-Condiciones-Envios.pdf\" class=\"elementor-button-link elementor-button elementor-size-sm\" role=\"button\">\n\t\t\t\t\t\t<span class=\"elementor-button-content-wrapper\">\n\t\t\t\t\t\t<span class=\"elementor-button-text\">Env\u00edos Velas<\/span>\n\t\t<\/span>\n\t\t\t\t\t<\/a>\n\t\t<\/div>\n\t\t\t\t<\/div>\n\t\t\t\t<\/div>\n\t\t\t\t<div class=\"elementor-element elementor-element-7766054 elementor-widget elementor-widget-text-editor\" data-id=\"7766054\" data-element_type=\"widget\" data-widget_type=\"text-editor.default\">\n\t\t\t\t<div class=\"elementor-widget-container\">\n\t\t\t\t\t\t\t<p style=\"font-size: 15px; font-style: normal; font-weight: 400; font-family: Montserrat, sans-serif; text-align: justify;\"><span style=\"color: var(--ast-global-color-3); text-align: start;\">Cualquier duda o informaci\u00f3n adicional ser\u00e1 recibida y tramitada mediante correo electr\u00f3nico a:\u00a0<\/span><a style=\"border: 0px; margin: 0px; outline: 0px; padding: 0px; vertical-align: baseline; background-color: #ffffff; text-align: start;\" href=\"mailto:conecta@kuanlab.co\">info@d<\/a><span style=\"color: var(--ast-global-color-3);\">halmi.com<\/span><span style=\"color: var(--ast-global-color-3); text-align: start;\">.<\/span><\/p>\t\t\t\t\t\t<\/div>\n\t\t\t\t<\/div>\n\t\t\t\t\t<\/div>\n\t\t<\/div>\n\t\t\t\t\t\t\t<\/div>\n\t\t<\/section>\n\t\t\t\t\t\t<\/div>\n\t\t\t\t\t<\/div>\n\t\t","protected":false},"excerpt":{"rendered":"<p>DHALMI, adopta las siguientes pol\u00edticas de env\u00edos de productos en env\u00edos desde nuestras instalaciones hacia el domicilio del usuario. RESPONSABLE Y ENCARGADO. El responsable y encargado de los despachos y recepci\u00f3n de piezas, productos y materiales es AZALEA WALTEROS y BYRON SILVA a trav\u00e9s de DHALMI y KUAN LABORATORIO DE CREACI\u00d3N, con domicilio en Bogot\u00e1, &hellip;<\/p>\n<p class=\"read-more\"> <a class=\"\" href=\"https:\/\/dhalmi.com\/index.php\/politica-de-envios\/\"> <span class=\"screen-reader-text\">Pol\u00edtica de Env\u00edos<\/span> Read More &raquo;<\/a><\/p>\n","protected":false},"author":1,"featured_media":0,"parent":0,"menu_order":0,"comment_status":"closed","ping_status":"closed","template":"","meta":{"om_disable_all_campaigns":false,"_monsterinsights_skip_tracking":false,"_monsterinsights_sitenote_active":false,"_monsterinsights_sitenote_note":"","_monsterinsights_sitenote_category":0,"site-sidebar-layout":"","site-content-layout":"","ast-main-header-display":"","ast-hfb-above-header-display":"","ast-hfb-below-header-display":"","ast-hfb-mobile-header-display":"","site-post-title":"","ast-breadcrumbs-content":"","ast-featured-img":"","footer-sml-layout":"","theme-transparent-header-meta":"","adv-header-id-meta":"","stick-header-meta":"","header-above-stick-meta":"","header-main-stick-meta":"","header-below-stick-meta":"","_joinchat":[],"footnotes":""},"aioseo_notices":[],"_links":{"self":[{"href":"https:\/\/dhalmi.com\/index.php\/wp-json\/wp\/v2\/pages\/11"}],"collection":[{"href":"https:\/\/dhalmi.com\/index.php\/wp-json\/wp\/v2\/pages"}],"about":[{"href":"https:\/\/dhalmi.com\/index.php\/wp-json\/wp\/v2\/types\/page"}],"author":[{"embeddable":true,"href":"https:\/\/dhalmi.com\/index.php\/wp-json\/wp\/v2\/users\/1"}],"replies":[{"embeddable":true,"href":"https:\/\/dhalmi.com\/index.php\/wp-json\/wp\/v2\/comments?post=11"}],"version-history":[{"count":4,"href":"https:\/\/dhalmi.com\/index.php\/wp-json\/wp\/v2\/pages\/11\/revisions"}],"predecessor-version":[{"id":2016,"href":"https:\/\/dhalmi.com\/index.php\/wp-json\/wp\/v2\/pages\/11\/revisions\/2016"}],"wp:attachment":[{"href":"https:\/\/dhalmi.com\/index.php\/wp-json\/wp\/v2\/media?parent=11"}],"curies":[{"name":"wp","href":"https:\/\/api.w.org\/{rel}","templated":true}]}}