{"id":1306,"date":"2019-01-23T06:31:31","date_gmt":"2019-01-23T06:31:31","guid":{"rendered":"http:\/\/dhalmi.com\/index.php\/about-us\/"},"modified":"2021-12-14T04:18:56","modified_gmt":"2021-12-14T04:18:56","slug":"about-us","status":"publish","type":"page","link":"https:\/\/dhalmi.com\/index.php\/about-us\/","title":{"rendered":"About Us"},"content":{"rendered":"\t\t<div data-elementor-type=\"wp-post\" data-elementor-id=\"1306\" class=\"elementor elementor-1306\" data-elementor-settings=\"[]\">\n\t\t\t\t\t\t\t<div class=\"elementor-section-wrap\">\n\t\t\t\t\t\t\t<section class=\"elementor-section elementor-top-section elementor-element elementor-element-4a5d220 elementor-section-content-middle elementor-section-boxed elementor-section-height-default elementor-section-height-default\" data-id=\"4a5d220\" data-element_type=\"section\">\n\t\t\t\t\t\t<div class=\"elementor-container elementor-column-gap-narrow\">\n\t\t\t\t\t<div class=\"elementor-column elementor-col-50 elementor-top-column elementor-element elementor-element-737ec4c\" data-id=\"737ec4c\" data-element_type=\"column\">\n\t\t\t<div class=\"elementor-widget-wrap elementor-element-populated\">\n\t\t\t\t\t\t\t\t<div class=\"elementor-element elementor-element-59440f4 elementor-aspect-ratio-916 elementor-widget elementor-widget-video\" data-id=\"59440f4\" data-element_type=\"widget\" data-settings=\"{&quot;video_type&quot;:&quot;vimeo&quot;,&quot;autoplay&quot;:&quot;yes&quot;,&quot;play_on_mobile&quot;:&quot;yes&quot;,&quot;mute&quot;:&quot;yes&quot;,&quot;loop&quot;:&quot;yes&quot;,&quot;aspect_ratio&quot;:&quot;916&quot;}\" data-widget_type=\"video.default\">\n\t\t\t\t<div class=\"elementor-widget-container\">\n\t\t\t\t\t<div class=\"elementor-wrapper elementor-fit-aspect-ratio elementor-open-inline\">\n\t\t\t<iframe class=\"elementor-video-iframe\" allowfullscreen title=\"vimeo Video Player\" src=\"https:\/\/player.vimeo.com\/video\/656404590?autoplay=1&amp;playsinline=1&amp;color&amp;autopause=0&amp;loop=1&amp;muted=1&amp;title=0&amp;portrait=0&amp;byline=0#t=\"><\/iframe>\t\t<\/div>\n\t\t\t\t<\/div>\n\t\t\t\t<\/div>\n\t\t\t\t<div class=\"elementor-element elementor-element-47e0c54 elementor-widget elementor-widget-image\" data-id=\"47e0c54\" data-element_type=\"widget\" data-widget_type=\"image.default\">\n\t\t\t\t<div class=\"elementor-widget-container\">\n\t\t\t\t\t\t\t\t\t\t\t\t\t\t\t<img loading=\"lazy\" decoding=\"async\" width=\"1024\" height=\"680\" src=\"https:\/\/dhalmi.com\/wp-content\/uploads\/2021\/12\/Cera-Liquida-1024x680.jpg\" class=\"attachment-large size-large\" alt=\"\" srcset=\"https:\/\/dhalmi.com\/wp-content\/uploads\/2021\/12\/Cera-Liquida-1024x680.jpg 1024w, https:\/\/dhalmi.com\/wp-content\/uploads\/2021\/12\/Cera-Liquida-600x398.jpg 600w, https:\/\/dhalmi.com\/wp-content\/uploads\/2021\/12\/Cera-Liquida-300x199.jpg 300w, https:\/\/dhalmi.com\/wp-content\/uploads\/2021\/12\/Cera-Liquida-768x510.jpg 768w, https:\/\/dhalmi.com\/wp-content\/uploads\/2021\/12\/Cera-Liquida-1536x1020.jpg 1536w, https:\/\/dhalmi.com\/wp-content\/uploads\/2021\/12\/Cera-Liquida-2048x1360.jpg 2048w\" sizes=\"(max-width: 1024px) 100vw, 1024px\" \/>\t\t\t\t\t\t\t\t\t\t\t\t\t\t\t<\/div>\n\t\t\t\t<\/div>\n\t\t\t\t<div class=\"elementor-element elementor-element-0f1acbd elementor-aspect-ratio-169 elementor-widget elementor-widget-video\" data-id=\"0f1acbd\" data-element_type=\"widget\" data-settings=\"{&quot;video_type&quot;:&quot;vimeo&quot;,&quot;autoplay&quot;:&quot;yes&quot;,&quot;play_on_mobile&quot;:&quot;yes&quot;,&quot;mute&quot;:&quot;yes&quot;,&quot;loop&quot;:&quot;yes&quot;,&quot;aspect_ratio&quot;:&quot;169&quot;}\" data-widget_type=\"video.default\">\n\t\t\t\t<div class=\"elementor-widget-container\">\n\t\t\t\t\t<div class=\"elementor-wrapper elementor-fit-aspect-ratio elementor-open-inline\">\n\t\t\t<iframe class=\"elementor-video-iframe\" allowfullscreen title=\"vimeo Video Player\" src=\"https:\/\/player.vimeo.com\/video\/656404630?autoplay=1&amp;playsinline=1&amp;color&amp;autopause=0&amp;loop=1&amp;muted=1&amp;title=0&amp;portrait=0&amp;byline=0#t=\"><\/iframe>\t\t<\/div>\n\t\t\t\t<\/div>\n\t\t\t\t<\/div>\n\t\t\t\t\t<\/div>\n\t\t<\/div>\n\t\t\t\t<div class=\"elementor-column elementor-col-50 elementor-top-column elementor-element elementor-element-e6bc9af\" data-id=\"e6bc9af\" data-element_type=\"column\">\n\t\t\t<div class=\"elementor-widget-wrap elementor-element-populated\">\n\t\t\t\t\t\t\t\t<div class=\"elementor-element elementor-element-8bf9f70 elementor-widget elementor-widget-text-editor\" data-id=\"8bf9f70\" data-element_type=\"widget\" data-widget_type=\"text-editor.default\">\n\t\t\t\t<div class=\"elementor-widget-container\">\n\t\t\t\t\t\t\t<p style=\"text-align: justify;\">Somos un grupo de creadores <b>amantes <\/b>de los materiales naturales llevados a su m\u00e1xima expresi\u00f3n. En <b>Dhalmi<\/b> unimos los aromas, las ceras vegetales y la cer\u00e1mica para crear piezas \u00fanicas ideales para regalar o auto consentirnos.<\/p>\n<p style=\"text-align: justify;\">La <b>composici\u00f3n de olores<\/b> es pensada para tener un olor autentico y arm\u00f3nico, con insumos de alta calidad, las esencias naturales nos transportan a lugares m\u00e1gicos de la naturaleza.<\/p>\n<p style=\"text-align: justify;\">Las <b>ceras vegetales<\/b> las mezclamos, vertimos y usamos de forma manual y muy delicadamente, buscando conservar pureza, color y calidad, pues su delicadeza -en conjunto con el aroma- terminar\u00e1 inundando tu hogar de calidez y bienestar.<\/p>\n<p style=\"text-align: justify;\">Los piezas fueron dise\u00f1ados por nosotros, para luego ser <b>creadas una a una de forma manual<\/b>, horneadas a 1.100\u00b0 de temperatura, marcadas, pulidas, esmaltados y nuevamente horneados. Estas piezas fueron creadas en conjunto con Kuan, Laboratorio de creaci\u00f3n, de tal forma que tambi\u00e9n tienes en tus manos una <b>pieza cer\u00e1mica de calidad<\/b> que m\u00e1s adelante podr\u00e1s usar como pieza utilitaria.<\/p>\n<p style=\"text-align: justify;\">Amamos nuestro hacer y deseamos que disfrutes el fruto de la naturaleza y nuestras manos.<\/p>\n<p><\/p>\n<p style=\"text-align: justify;\">\u00a1<b>Gracias por elegirnos!&nbsp;<\/b><\/p>\n<p><\/p>\t\t\t\t\t\t<\/div>\n\t\t\t\t<\/div>\n\t\t\t\t\t<\/div>\n\t\t<\/div>\n\t\t\t\t\t\t\t<\/div>\n\t\t<\/section>\n\t\t\t\t\t\t<\/div>\n\t\t\t\t\t<\/div>\n\t\t","protected":false},"excerpt":{"rendered":"<p>https:\/\/vimeo.com\/656404630 Somos un grupo de creadores amantes de los materiales naturales llevados a su m\u00e1xima expresi\u00f3n. En Dhalmi unimos los aromas, las ceras vegetales y la cer\u00e1mica para crear piezas \u00fanicas ideales para regalar o auto consentirnos. La composici\u00f3n de olores es pensada para tener un olor autentico y arm\u00f3nico, con insumos de alta calidad, &hellip;<\/p>\n<p class=\"read-more\"> <a class=\"\" href=\"https:\/\/dhalmi.com\/index.php\/about-us\/\"> <span class=\"screen-reader-text\">About Us<\/span> Read More &raquo;<\/a><\/p>\n","protected":false},"author":1,"featured_media":0,"parent":0,"menu_order":0,"comment_status":"closed","ping_status":"closed","template":"","meta":{"om_disable_all_campaigns":false,"_monsterinsights_skip_tracking":false,"_monsterinsights_sitenote_active":false,"_monsterinsights_sitenote_note":"","_monsterinsights_sitenote_category":0,"site-sidebar-layout":"no-sidebar","site-content-layout":"page-builder","ast-main-header-display":"","ast-hfb-above-header-display":"","ast-hfb-below-header-display":"","ast-hfb-mobile-header-display":"","site-post-title":"disabled","ast-breadcrumbs-content":"","ast-featured-img":"disabled","footer-sml-layout":"","theme-transparent-header-meta":"enabled","adv-header-id-meta":"","stick-header-meta":"","header-above-stick-meta":"","header-main-stick-meta":"","header-below-stick-meta":"","_joinchat":[],"footnotes":""},"aioseo_notices":[],"_links":{"self":[{"href":"https:\/\/dhalmi.com\/index.php\/wp-json\/wp\/v2\/pages\/1306"}],"collection":[{"href":"https:\/\/dhalmi.com\/index.php\/wp-json\/wp\/v2\/pages"}],"about":[{"href":"https:\/\/dhalmi.com\/index.php\/wp-json\/wp\/v2\/types\/page"}],"author":[{"embeddable":true,"href":"https:\/\/dhalmi.com\/index.php\/wp-json\/wp\/v2\/users\/1"}],"replies":[{"embeddable":true,"href":"https:\/\/dhalmi.com\/index.php\/wp-json\/wp\/v2\/comments?post=1306"}],"version-history":[{"count":19,"href":"https:\/\/dhalmi.com\/index.php\/wp-json\/wp\/v2\/pages\/1306\/revisions"}],"predecessor-version":[{"id":2035,"href":"https:\/\/dhalmi.com\/index.php\/wp-json\/wp\/v2\/pages\/1306\/revisions\/2035"}],"wp:attachment":[{"href":"https:\/\/dhalmi.com\/index.php\/wp-json\/wp\/v2\/media?parent=1306"}],"curies":[{"name":"wp","href":"https:\/\/api.w.org\/{rel}","templated":true}]}}