{"id":3,"date":"2021-11-17T17:39:08","date_gmt":"2021-11-17T17:39:08","guid":{"rendered":"http:\/\/dhalmi.com\/?page_id=3"},"modified":"2021-12-14T17:10:28","modified_gmt":"2021-12-14T17:10:28","slug":"politica-privacidad","status":"publish","type":"page","link":"https:\/\/dhalmi.com\/index.php\/politica-privacidad\/","title":{"rendered":"Pol\u00edtica de Tratamiento y Protecci\u00f3n de Datos Personales"},"content":{"rendered":"\t\t<div data-elementor-type=\"wp-page\" data-elementor-id=\"3\" class=\"elementor elementor-3\" data-elementor-settings=\"[]\">\n\t\t\t\t\t\t\t<div class=\"elementor-section-wrap\">\n\t\t\t\t\t\t\t<section class=\"elementor-section elementor-top-section elementor-element elementor-element-66148fe1 elementor-section-boxed elementor-section-height-default elementor-section-height-default\" data-id=\"66148fe1\" data-element_type=\"section\">\n\t\t\t\t\t\t<div class=\"elementor-container elementor-column-gap-default\">\n\t\t\t\t\t<div class=\"elementor-column elementor-col-100 elementor-top-column elementor-element elementor-element-4eb351fa\" data-id=\"4eb351fa\" data-element_type=\"column\">\n\t\t\t<div class=\"elementor-widget-wrap elementor-element-populated\">\n\t\t\t\t\t\t\t\t<div class=\"elementor-element elementor-element-3225bffa elementor-widget elementor-widget-text-editor\" data-id=\"3225bffa\" data-element_type=\"widget\" data-widget_type=\"text-editor.default\">\n\t\t\t\t<div class=\"elementor-widget-container\">\n\t\t\t\t\t\t\t<p><!-- wp:heading --><\/p>\n<p style=\"font-size: 15px; font-style: normal; font-weight: 400; color: #5d6167; font-family: Montserrat, sans-serif; text-align: justify;\">DHALMI, desde el momento en que comenz\u00f3 a operar ha recaudado datos personales y contin\u00faa recaud\u00e1ndolos de clientes, proveedores, empleados, contratistas y personas interesadas en participar de las actividades comerciales y culturales que se adelantan en las instalaciones reales y virtuales.<\/p>\n<p style=\"font-size: 15px; font-style: normal; font-weight: 400; color: #5d6167; font-family: Montserrat, sans-serif; text-align: justify;\">Por lo anterior, para garantizar los derechos constitucionales y legales de las personas que han tenido a bien suministrarnos sus datos y de quienes nos los suministren en el futuro, DHALMI adopta las siguientes Pol\u00edticas de Tratamiento de Datos Personales, en los t\u00e9rminos de la Ley 1266 de 2008, la Ley 1581 de 2012, el Decreto 1377 de 2013 y el Decreto 886 de 2014.<\/p>\n<p style=\"font-size: 15px; font-style: normal; font-weight: 400; color: #5d6167; font-family: Montserrat, sans-serif; text-align: justify;\">RESPONSABLE Y ENCARGADO DEL TRATAMIENTO DE DATOS.<br \/>El responsable y encargado del tratamiento de datos personales es AZALEA WALTEROS a trav\u00e9s de DHALMI, con domicilio en Bogot\u00e1, en la Avenida Calle 1 # 19 -41, Piso 3. El \u00e1rea encargada directamente del tratamiento de datos es la Gerencia de Mercadeo y el correo electr\u00f3nico dispuesto para ese fin es:\u00a0<a style=\"border: 0px; font-style: inherit; font-weight: inherit; margin: 0px; outline: 0px; padding: 0px; vertical-align: baseline;\" href=\"mailto:tratamientodedatos@kuanlab.co\">tratamientodedatos@<\/a>dhalmi.com.<\/p>\n<p><!-- \/wp:paragraph --><\/p>\t\t\t\t\t\t<\/div>\n\t\t\t\t<\/div>\n\t\t\t\t<div class=\"elementor-element elementor-element-64b238f elementor-widget elementor-widget-button\" data-id=\"64b238f\" data-element_type=\"widget\" data-widget_type=\"button.default\">\n\t\t\t\t<div class=\"elementor-widget-container\">\n\t\t\t\t\t<div class=\"elementor-button-wrapper\">\n\t\t\t<a href=\"http:\/\/dhalmi.com\/wp-content\/uploads\/2021\/12\/Manual-tratamiento-de-datos.pdf\" class=\"elementor-button-link elementor-button elementor-size-sm\" role=\"button\">\n\t\t\t\t\t\t<span class=\"elementor-button-content-wrapper\">\n\t\t\t\t\t\t<span class=\"elementor-button-text\">manual tratamiento datos<\/span>\n\t\t<\/span>\n\t\t\t\t\t<\/a>\n\t\t<\/div>\n\t\t\t\t<\/div>\n\t\t\t\t<\/div>\n\t\t\t\t<div class=\"elementor-element elementor-element-b092715 elementor-widget elementor-widget-text-editor\" data-id=\"b092715\" data-element_type=\"widget\" data-widget_type=\"text-editor.default\">\n\t\t\t\t<div class=\"elementor-widget-container\">\n\t\t\t\t\t\t\t<p><!-- wp:heading --><\/p>\n<p style=\"font-size: 15px; font-style: normal; font-weight: 400; color: #5d6167; font-family: Montserrat, sans-serif; text-align: justify;\"><span style=\"font-family: Arial, 'sans-serif'; font-size: 15.3333px; color: var(--ast-global-color-3);\">Cualquier duda o informaci\u00f3n adicional ser\u00e1 recibida y tramitada mediante correo electr\u00f3nico a: tratamientodedatos@dhalmi.com.<\/span><\/p>\n<p><!-- \/wp:paragraph --><\/p>\t\t\t\t\t\t<\/div>\n\t\t\t\t<\/div>\n\t\t\t\t\t<\/div>\n\t\t<\/div>\n\t\t\t\t\t\t\t<\/div>\n\t\t<\/section>\n\t\t\t\t\t\t<\/div>\n\t\t\t\t\t<\/div>\n\t\t","protected":false},"excerpt":{"rendered":"<p>DHALMI, desde el momento en que comenz\u00f3 a operar ha recaudado datos personales y contin\u00faa recaud\u00e1ndolos de clientes, proveedores, empleados, contratistas y personas interesadas en participar de las actividades comerciales y culturales que se adelantan en las instalaciones reales y virtuales. Por lo anterior, para garantizar los derechos constitucionales y legales de las personas que &hellip;<\/p>\n<p class=\"read-more\"> <a class=\"\" href=\"https:\/\/dhalmi.com\/index.php\/politica-privacidad\/\"> <span class=\"screen-reader-text\">Pol\u00edtica de Tratamiento y Protecci\u00f3n de Datos Personales<\/span> Read More &raquo;<\/a><\/p>\n","protected":false},"author":1,"featured_media":0,"parent":0,"menu_order":0,"comment_status":"closed","ping_status":"open","template":"","meta":{"om_disable_all_campaigns":false,"_monsterinsights_skip_tracking":false,"_monsterinsights_sitenote_active":false,"_monsterinsights_sitenote_note":"","_monsterinsights_sitenote_category":0,"site-sidebar-layout":"","site-content-layout":"","ast-main-header-display":"","ast-hfb-above-header-display":"","ast-hfb-below-header-display":"","ast-hfb-mobile-header-display":"","site-post-title":"","ast-breadcrumbs-content":"","ast-featured-img":"","footer-sml-layout":"","theme-transparent-header-meta":"","adv-header-id-meta":"","stick-header-meta":"","header-above-stick-meta":"","header-main-stick-meta":"","header-below-stick-meta":"","_joinchat":[],"footnotes":""},"aioseo_notices":[],"_links":{"self":[{"href":"https:\/\/dhalmi.com\/index.php\/wp-json\/wp\/v2\/pages\/3"}],"collection":[{"href":"https:\/\/dhalmi.com\/index.php\/wp-json\/wp\/v2\/pages"}],"about":[{"href":"https:\/\/dhalmi.com\/index.php\/wp-json\/wp\/v2\/types\/page"}],"author":[{"embeddable":true,"href":"https:\/\/dhalmi.com\/index.php\/wp-json\/wp\/v2\/users\/1"}],"replies":[{"embeddable":true,"href":"https:\/\/dhalmi.com\/index.php\/wp-json\/wp\/v2\/comments?post=3"}],"version-history":[{"count":4,"href":"https:\/\/dhalmi.com\/index.php\/wp-json\/wp\/v2\/pages\/3\/revisions"}],"predecessor-version":[{"id":2015,"href":"https:\/\/dhalmi.com\/index.php\/wp-json\/wp\/v2\/pages\/3\/revisions\/2015"}],"wp:attachment":[{"href":"https:\/\/dhalmi.com\/index.php\/wp-json\/wp\/v2\/media?parent=3"}],"curies":[{"name":"wp","href":"https:\/\/api.w.org\/{rel}","templated":true}]}}