{"id":1762,"date":"2021-12-12T14:17:07","date_gmt":"2021-12-12T14:17:07","guid":{"rendered":"http:\/\/dhalmi.com\/?post_type=product&#038;p=1762"},"modified":"2026-05-08T12:38:41","modified_gmt":"2026-05-08T12:38:41","slug":"alegria-large","status":"publish","type":"product","link":"https:\/\/dhalmi.com\/index.php\/producto\/alegria-large\/","title":{"rendered":"Alegr\u00eda &#8211; Large"},"content":{"rendered":"","protected":false},"excerpt":{"rendered":"<p>Vela arom\u00e1tica contenida en envase de cer\u00e1mica, hecha por manos colombianas de forma artesanal.<\/p>\n<p>Cera 100% vegetal, dura 3 veces m\u00e1s que una vela convencional, no son toxicas, no contaminan, amigable con el medio ambiente.<\/p>\n<p>Contenedor cer\u00e1mico reutilizable, horneado a 1.200 grados y esmaltado (libre de plomo) para ser usado como elemento utilitario luego de consumirse la vela.<\/p>\n<p><strong>Duraci\u00f3n estimada:<\/strong>\u00a0de 80 a 90 horas encendida.<\/p>\n<p><strong>Familia olfativa dulce:<\/strong>\u00a0Contiene olores c\u00e1lidos y dulces combinados con canela.<\/p>\n<p><strong>Unidades limitadas<\/strong><\/p>\n","protected":false},"featured_media":2123,"comment_status":"open","ping_status":"closed","template":"","meta":{"om_disable_all_campaigns":false,"_monsterinsights_skip_tracking":false,"_monsterinsights_sitenote_active":false,"_monsterinsights_sitenote_note":"","_monsterinsights_sitenote_category":0,"site-sidebar-layout":"default","site-content-layout":"default","ast-main-header-display":"","ast-hfb-above-header-display":"","ast-hfb-below-header-display":"","ast-hfb-mobile-header-display":"","site-post-title":"","ast-breadcrumbs-content":"","ast-featured-img":"","footer-sml-layout":"","theme-transparent-header-meta":"default","adv-header-id-meta":"","stick-header-meta":"","header-above-stick-meta":"","header-main-stick-meta":"","header-below-stick-meta":"","_joinchat":[]},"product_cat":[27],"product_tag":[],"aioseo_notices":[],"_links":{"self":[{"href":"https:\/\/dhalmi.com\/index.php\/wp-json\/wp\/v2\/product\/1762"}],"collection":[{"href":"https:\/\/dhalmi.com\/index.php\/wp-json\/wp\/v2\/product"}],"about":[{"href":"https:\/\/dhalmi.com\/index.php\/wp-json\/wp\/v2\/types\/product"}],"replies":[{"embeddable":true,"href":"https:\/\/dhalmi.com\/index.php\/wp-json\/wp\/v2\/comments?post=1762"}],"wp:featuredmedia":[{"embeddable":true,"href":"https:\/\/dhalmi.com\/index.php\/wp-json\/wp\/v2\/media\/2123"}],"wp:attachment":[{"href":"https:\/\/dhalmi.com\/index.php\/wp-json\/wp\/v2\/media?parent=1762"}],"wp:term":[{"taxonomy":"product_cat","embeddable":true,"href":"https:\/\/dhalmi.com\/index.php\/wp-json\/wp\/v2\/product_cat?post=1762"},{"taxonomy":"product_tag","embeddable":true,"href":"https:\/\/dhalmi.com\/index.php\/wp-json\/wp\/v2\/product_tag?post=1762"}],"curies":[{"name":"wp","href":"https:\/\/api.w.org\/{rel}","templated":true}]}}