{"id":2200,"date":"2025-04-24T21:42:34","date_gmt":"2025-04-24T21:42:34","guid":{"rendered":"https:\/\/dhalmi.com\/?post_type=product&#038;p=2200"},"modified":"2025-08-27T01:20:33","modified_gmt":"2025-08-27T01:20:33","slug":"taza-esencia","status":"publish","type":"product","link":"https:\/\/dhalmi.com\/index.php\/producto\/taza-esencia\/","title":{"rendered":"Taza Esencia"},"content":{"rendered":"","protected":false},"excerpt":{"rendered":"<p>Producto cer\u00e1mico artesanal lleno de conocimiento, dedicaci\u00f3n y amor por el oficio cer\u00e1mico. Horneado a 1.200 grados y esmaltado (libre de plomo y cadmio) para ser usado como elemento utilitario.<\/p>\n<p><strong>Colores disponibles:<\/strong> Negro mate, Blanco mate o brillante, Turquesa, Rosa, Cobalto. Color solido o bicolor<\/p>\n<p><strong>Unidades limitadas<\/strong><\/p>\n","protected":false},"featured_media":2203,"comment_status":"open","ping_status":"closed","template":"","meta":{"om_disable_all_campaigns":false,"_monsterinsights_skip_tracking":false,"_monsterinsights_sitenote_active":false,"_monsterinsights_sitenote_note":"","_monsterinsights_sitenote_category":0,"site-sidebar-layout":"default","site-content-layout":"default","ast-main-header-display":"","ast-hfb-above-header-display":"","ast-hfb-below-header-display":"","ast-hfb-mobile-header-display":"","site-post-title":"","ast-breadcrumbs-content":"","ast-featured-img":"","footer-sml-layout":"","theme-transparent-header-meta":"default","adv-header-id-meta":"","stick-header-meta":"","header-above-stick-meta":"","header-main-stick-meta":"","header-below-stick-meta":"","_joinchat":[]},"product_cat":[33],"product_tag":[],"aioseo_notices":[],"_links":{"self":[{"href":"https:\/\/dhalmi.com\/index.php\/wp-json\/wp\/v2\/product\/2200"}],"collection":[{"href":"https:\/\/dhalmi.com\/index.php\/wp-json\/wp\/v2\/product"}],"about":[{"href":"https:\/\/dhalmi.com\/index.php\/wp-json\/wp\/v2\/types\/product"}],"replies":[{"embeddable":true,"href":"https:\/\/dhalmi.com\/index.php\/wp-json\/wp\/v2\/comments?post=2200"}],"wp:featuredmedia":[{"embeddable":true,"href":"https:\/\/dhalmi.com\/index.php\/wp-json\/wp\/v2\/media\/2203"}],"wp:attachment":[{"href":"https:\/\/dhalmi.com\/index.php\/wp-json\/wp\/v2\/media?parent=2200"}],"wp:term":[{"taxonomy":"product_cat","embeddable":true,"href":"https:\/\/dhalmi.com\/index.php\/wp-json\/wp\/v2\/product_cat?post=2200"},{"taxonomy":"product_tag","embeddable":true,"href":"https:\/\/dhalmi.com\/index.php\/wp-json\/wp\/v2\/product_tag?post=2200"}],"curies":[{"name":"wp","href":"https:\/\/api.w.org\/{rel}","templated":true}]}}